{"id":7,"date":"2018-01-22T11:37:27","date_gmt":"2018-01-22T11:37:27","guid":{"rendered":"http:\/\/www.modelyproskoly.cz\/?page_id=7"},"modified":"2019-11-14T14:39:10","modified_gmt":"2019-11-14T14:39:10","slug":"domu","status":"publish","type":"page","link":"https:\/\/www.modelyproskoly.cz\/","title":{"rendered":"\u00davodn\u00ed str\u00e1nka"},"content":{"rendered":"<pre>Jsme tradi\u010dn\u00ed \u010desk\u00fd v\u00fdrobce plastikov\u00fdch stavebnic. Ve\u0161ker\u00e1 v\u00fdroba od vzniku \np\u0159edloh, p\u0159es v\u00fdrobu forem, lisov\u00e1n\u00ed i kompletace, prob\u00edh\u00e1 v\u00fdhradn\u011b v \u010desk\u00e9 republice.\n\nProjekt <strong>Modely pro \u0161koly<\/strong> je zam\u011b\u0159en na polytechnickou v\u00fdchovu \u017e\u00e1k\u016f druh\u00e9ho stupn\u011b - p\u00e1t\u00fdch, \u0161est\u00fdch a sedm\u00fdch t\u0159\u00edd.\n\nJe zam\u011b\u0159en na rozvoj logick\u00e9ho my\u0161len\u00ed, pr\u00e1ce podle stavebn\u00edho n\u00e1vodu, zlep\u0161en\u00ed jemn\u00e9 motoriky, tr\u00e9nink soust\u0159ed\u011bn\u00ed se, trp\u011blivost.\nCelkov\u011b pozitivn\u011b zlep\u0161uje tolik pot\u0159ebnou manu\u00e1ln\u00ed zru\u010dnost.\n\u017d\u00e1ci si vyzkou\u0161\u00ed vy\u0161tipov\u00e1n\u00ed, brou\u0161en\u00ed, lepen\u00ed, pr\u00e1ce s pinzetou, barven\u00ed, aplikaci obtisk\u016f.<\/pre>\n<pre><img decoding=\"async\" src=\"https:\/\/i0.wp.com\/www.modelyproskoly.cz\/wp-content\/uploads\/2018\/09\/Plak%C3%A1t-A4-skola.jpg\" data-recalc-dims=\"1\" \/>\n<img loading=\"lazy\" decoding=\"async\" data-attachment-id=\"1014\" data-permalink=\"https:\/\/www.modelyproskoly.cz\/index.php\/domu\/r3\/\" data-orig-file=\"https:\/\/i0.wp.com\/www.modelyproskoly.cz\/wp-content\/uploads\/2019\/11\/R3.jpg?fit=1017%2C490&amp;ssl=1\" data-orig-size=\"1017,490\" data-comments-opened=\"1\" data-image-meta=\"{&quot;aperture&quot;:&quot;1.9&quot;,&quot;credit&quot;:&quot;&quot;,&quot;camera&quot;:&quot;SM-G925F&quot;,&quot;caption&quot;:&quot;&quot;,&quot;created_timestamp&quot;:&quot;1561033374&quot;,&quot;copyright&quot;:&quot;&quot;,&quot;focal_length&quot;:&quot;4.3&quot;,&quot;iso&quot;:&quot;100&quot;,&quot;shutter_speed&quot;:&quot;0.02&quot;,&quot;title&quot;:&quot;&quot;,&quot;orientation&quot;:&quot;1&quot;}\" data-image-title=\"R3\" data-image-description=\"\" data-image-caption=\"\" data-medium-file=\"https:\/\/i0.wp.com\/www.modelyproskoly.cz\/wp-content\/uploads\/2019\/11\/R3.jpg?fit=300%2C145&amp;ssl=1\" data-large-file=\"https:\/\/i0.wp.com\/www.modelyproskoly.cz\/wp-content\/uploads\/2019\/11\/R3.jpg?fit=1017%2C490&amp;ssl=1\" class=\"alignnone size-full wp-image-1014\" src=\"https:\/\/i0.wp.com\/www.modelyproskoly.cz\/wp-content\/uploads\/2019\/11\/R3.jpg?resize=1017%2C490\" alt=\"\" width=\"1017\" height=\"490\" srcset=\"https:\/\/i0.wp.com\/www.modelyproskoly.cz\/wp-content\/uploads\/2019\/11\/R3.jpg?w=1017&amp;ssl=1 1017w, https:\/\/i0.wp.com\/www.modelyproskoly.cz\/wp-content\/uploads\/2019\/11\/R3.jpg?resize=300%2C145&amp;ssl=1 300w, https:\/\/i0.wp.com\/www.modelyproskoly.cz\/wp-content\/uploads\/2019\/11\/R3.jpg?resize=768%2C370&amp;ssl=1 768w\" sizes=\"(max-width: 1000px) 100vw, 1000px\" data-recalc-dims=\"1\" \/>\n<\/pre>\n","protected":false},"excerpt":{"rendered":"<div class=\"mh-excerpt\"><p>Jsme tradi\u010dn\u00ed \u010desk\u00fd v\u00fdrobce plastikov\u00fdch stavebnic. Ve\u0161ker\u00e1 v\u00fdroba od vzniku p\u0159edloh, p\u0159es v\u00fdrobu forem, lisov\u00e1n\u00ed i kompletace, prob\u00edh\u00e1 v\u00fdhradn\u011b v \u010desk\u00e9 republice. Projekt Modely pro <a class=\"mh-excerpt-more\" href=\"https:\/\/www.modelyproskoly.cz\/\" title=\"\u00davodn\u00ed str\u00e1nka\">[&#8230;]<\/a><\/p>\n<\/div>","protected":false},"author":1,"featured_media":264,"parent":0,"menu_order":0,"comment_status":"closed","ping_status":"closed","template":"","meta":{"ngg_post_thumbnail":0,"jetpack_post_was_ever_published":false,"footnotes":""},"jetpack_sharing_enabled":true,"jetpack_shortlink":"https:\/\/wp.me\/P9IQmh-7","jetpack_likes_enabled":true,"jetpack-related-posts":[],"_links":{"self":[{"href":"https:\/\/www.modelyproskoly.cz\/index.php\/wp-json\/wp\/v2\/pages\/7"}],"collection":[{"href":"https:\/\/www.modelyproskoly.cz\/index.php\/wp-json\/wp\/v2\/pages"}],"about":[{"href":"https:\/\/www.modelyproskoly.cz\/index.php\/wp-json\/wp\/v2\/types\/page"}],"author":[{"embeddable":true,"href":"https:\/\/www.modelyproskoly.cz\/index.php\/wp-json\/wp\/v2\/users\/1"}],"replies":[{"embeddable":true,"href":"https:\/\/www.modelyproskoly.cz\/index.php\/wp-json\/wp\/v2\/comments?post=7"}],"version-history":[{"count":17,"href":"https:\/\/www.modelyproskoly.cz\/index.php\/wp-json\/wp\/v2\/pages\/7\/revisions"}],"predecessor-version":[{"id":1015,"href":"https:\/\/www.modelyproskoly.cz\/index.php\/wp-json\/wp\/v2\/pages\/7\/revisions\/1015"}],"wp:featuredmedia":[{"embeddable":true,"href":"https:\/\/www.modelyproskoly.cz\/index.php\/wp-json\/wp\/v2\/media\/264"}],"wp:attachment":[{"href":"https:\/\/www.modelyproskoly.cz\/index.php\/wp-json\/wp\/v2\/media?parent=7"}],"curies":[{"name":"wp","href":"https:\/\/api.w.org\/{rel}","templated":true}]}}